{"id":199,"date":"2018-11-04T09:01:10","date_gmt":"2018-11-04T08:01:10","guid":{"rendered":"https:\/\/websites.fraunhofer.de\/aktiv-kommunal\/?page_id=199"},"modified":"2018-11-04T10:07:38","modified_gmt":"2018-11-04T09:07:38","slug":"beirat","status":"publish","type":"page","link":"https:\/\/aktiv-kommunal.de\/index.php\/projektpartner\/beirat\/","title":{"rendered":"Beirat"},"content":{"rendered":"<p>Das Projekt \u00bbAKTIV-kommunal\u00ab wird durch einen Beirat aus Expertinnen und Experten der Wirtschaft, der Wissenschaft und Verb\u00e4nden unterst\u00fctzt.<\/p>\n<p>Folgende Personen bilden den Beirat:<\/p>\n<ul>\n<li>Dr. Tobias <strong>Bringmann<\/strong><br \/>\n<a href=\"https:\/\/aktiv-kommunal.de\/wp-content\/uploads\/2018\/11\/Bringmann_1000.jpg\"><img loading=\"lazy\" decoding=\"async\" class=\"alignnone size-medium wp-image-200\" src=\"https:\/\/aktiv-kommunal.de\/wp-content\/uploads\/2018\/11\/Bringmann_1000-300x225.jpg\" alt=\"\" width=\"300\" height=\"225\" srcset=\"https:\/\/aktiv-kommunal.de\/wp-content\/uploads\/2018\/11\/Bringmann_1000-300x225.jpg 300w, https:\/\/aktiv-kommunal.de\/wp-content\/uploads\/2018\/11\/Bringmann_1000-768x576.jpg 768w, https:\/\/aktiv-kommunal.de\/wp-content\/uploads\/2018\/11\/Bringmann_1000-570x428.jpg 570w, https:\/\/aktiv-kommunal.de\/wp-content\/uploads\/2018\/11\/Bringmann_1000.jpg 1000w\" sizes=\"(max-width: 300px) 100vw, 300px\" \/><\/a><br \/>\nGesch\u00e4ftsf\u00fchrer, Verband kommunaler Unternehmen<\/li>\n<li>Prof. Dr. Daniel <strong>Buhr<\/strong><br \/>\n<a href=\"https:\/\/aktiv-kommunal.de\/wp-content\/uploads\/2018\/11\/Buhr_1000.jpg\"><img loading=\"lazy\" decoding=\"async\" class=\"size-medium wp-image-202\" src=\"https:\/\/aktiv-kommunal.de\/wp-content\/uploads\/2018\/11\/Buhr_1000-300x225.jpg\" alt=\"\" width=\"300\" height=\"225\" srcset=\"https:\/\/aktiv-kommunal.de\/wp-content\/uploads\/2018\/11\/Buhr_1000-300x225.jpg 300w, https:\/\/aktiv-kommunal.de\/wp-content\/uploads\/2018\/11\/Buhr_1000-768x575.jpg 768w, https:\/\/aktiv-kommunal.de\/wp-content\/uploads\/2018\/11\/Buhr_1000-570x427.jpg 570w, https:\/\/aktiv-kommunal.de\/wp-content\/uploads\/2018\/11\/Buhr_1000.jpg 1001w\" sizes=\"(max-width: 300px) 100vw, 300px\" \/><\/a><br \/>\nProfessur f\u00fcr Policy Analyse und Politische Wirtschaftslehre, Eberhard Karls-Universit\u00e4t T\u00fcbingen<\/li>\n<li>Dr. Claus-J\u00fcrgen <strong>Deyle<\/strong><br \/>\n<img loading=\"lazy\" decoding=\"async\" class=\"alignnone size-full wp-image-212\" src=\"https:\/\/aktiv-kommunal.de\/wp-content\/uploads\/2018\/11\/deyle_225.png\" alt=\"\" width=\"165\" height=\"225\" \/><br \/>\nKonzernbetriebsratsvorsitzender, Stadtwerke Ulm\/Neu-Ulm GmbH<\/li>\n<li>R\u00fcdiger <strong>H\u00f6che<\/strong><br \/>\n<a href=\"https:\/\/aktiv-kommunal.de\/wp-content\/uploads\/2018\/11\/Hoeche_750.jpg\"><img loading=\"lazy\" decoding=\"async\" class=\"alignnone size-medium wp-image-216\" src=\"https:\/\/aktiv-kommunal.de\/wp-content\/uploads\/2018\/11\/Hoeche_750-300x200.jpg\" alt=\"\" width=\"300\" height=\"200\" srcset=\"https:\/\/aktiv-kommunal.de\/wp-content\/uploads\/2018\/11\/Hoeche_750-300x200.jpg 300w, https:\/\/aktiv-kommunal.de\/wp-content\/uploads\/2018\/11\/Hoeche_750-768x512.jpg 768w, https:\/\/aktiv-kommunal.de\/wp-content\/uploads\/2018\/11\/Hoeche_750-1024x683.jpg 1024w, https:\/\/aktiv-kommunal.de\/wp-content\/uploads\/2018\/11\/Hoeche_750-570x380.jpg 570w, https:\/\/aktiv-kommunal.de\/wp-content\/uploads\/2018\/11\/Hoeche_750.jpg 1125w\" sizes=\"(max-width: 300px) 100vw, 300px\" \/><\/a><br \/>\nLeiter, Stadtwerke B\u00fchl<\/li>\n<li>Prof. Dr. J\u00fcrgen <strong>Kegelmann<\/strong><br \/>\n<a href=\"https:\/\/aktiv-kommunal.de\/wp-content\/uploads\/2018\/11\/Kegelmann_1000.jpg\"><img loading=\"lazy\" decoding=\"async\" class=\"alignnone size-medium wp-image-217\" src=\"https:\/\/aktiv-kommunal.de\/wp-content\/uploads\/2018\/11\/Kegelmann_1000-300x225.jpg\" alt=\"\" width=\"300\" height=\"225\" srcset=\"https:\/\/aktiv-kommunal.de\/wp-content\/uploads\/2018\/11\/Kegelmann_1000-300x225.jpg 300w, https:\/\/aktiv-kommunal.de\/wp-content\/uploads\/2018\/11\/Kegelmann_1000-768x576.jpg 768w, https:\/\/aktiv-kommunal.de\/wp-content\/uploads\/2018\/11\/Kegelmann_1000-570x428.jpg 570w, https:\/\/aktiv-kommunal.de\/wp-content\/uploads\/2018\/11\/Kegelmann_1000.jpg 1000w\" sizes=\"(max-width: 300px) 100vw, 300px\" \/><\/a><br \/>\nProrektor, Hochschule f\u00fcr \u00f6ffentliche Verwaltung Kehl<\/li>\n<li>Michael <strong>K\u00f6szegi<\/strong><br \/>\n<a href=\"https:\/\/aktiv-kommunal.de\/wp-content\/uploads\/2018\/11\/Koeszegi_750.jpg\"><img loading=\"lazy\" decoding=\"async\" class=\"alignnone size-medium wp-image-219\" src=\"https:\/\/aktiv-kommunal.de\/wp-content\/uploads\/2018\/11\/Koeszegi_750-200x300.jpg\" alt=\"\" width=\"200\" height=\"300\" srcset=\"https:\/\/aktiv-kommunal.de\/wp-content\/uploads\/2018\/11\/Koeszegi_750-200x300.jpg 200w, https:\/\/aktiv-kommunal.de\/wp-content\/uploads\/2018\/11\/Koeszegi_750.jpg 500w\" sizes=\"(max-width: 200px) 100vw, 200px\" \/><\/a><br \/>\nBereichsleiter Personalmanagement, Kommunale Informationsverarbeitung Baden-Franken<\/li>\n<li>Dr. Joachim <strong>Wollensak<\/strong><br \/>\n<a href=\"https:\/\/aktiv-kommunal.de\/wp-content\/uploads\/2018\/11\/Wollensak_750.jpg\"><img loading=\"lazy\" decoding=\"async\" class=\"alignnone size-medium wp-image-220\" src=\"https:\/\/aktiv-kommunal.de\/wp-content\/uploads\/2018\/11\/Wollensak_750-225x300.jpg\" alt=\"\" width=\"225\" height=\"300\" srcset=\"https:\/\/aktiv-kommunal.de\/wp-content\/uploads\/2018\/11\/Wollensak_750-225x300.jpg 225w, https:\/\/aktiv-kommunal.de\/wp-content\/uploads\/2018\/11\/Wollensak_750.jpg 563w\" sizes=\"(max-width: 225px) 100vw, 225px\" \/><\/a><br \/>\nHauptgesch\u00e4ftsf\u00fchrer, KAV Baden-W\u00fcrttemberg e.V<\/li>\n<li>Robin <strong>Wunsch<\/strong><br \/>\n<a href=\"https:\/\/aktiv-kommunal.de\/wp-content\/uploads\/2018\/11\/Wunsch_750.jpg\"><img loading=\"lazy\" decoding=\"async\" class=\"alignnone size-medium wp-image-221\" src=\"https:\/\/aktiv-kommunal.de\/wp-content\/uploads\/2018\/11\/Wunsch_750-240x300.jpg\" alt=\"\" width=\"240\" height=\"300\" srcset=\"https:\/\/aktiv-kommunal.de\/wp-content\/uploads\/2018\/11\/Wunsch_750-240x300.jpg 240w, https:\/\/aktiv-kommunal.de\/wp-content\/uploads\/2018\/11\/Wunsch_750-570x713.jpg 570w, https:\/\/aktiv-kommunal.de\/wp-content\/uploads\/2018\/11\/Wunsch_750.jpg 600w\" sizes=\"(max-width: 240px) 100vw, 240px\" \/><\/a><br \/>\nGesch\u00e4ftsf\u00fchrender Gesellschafter, GuideCom GmbH<\/li>\n<\/ul>\n","protected":false},"excerpt":{"rendered":"<p>Das Projekt \u00bbAKTIV-kommunal\u00ab wird durch einen Beirat aus Expertinnen und Experten der Wirtschaft, der Wissenschaft und Verb\u00e4nden unterst\u00fctzt. Folgende Personen bilden den Beirat: Dr. Tobias Bringmann Gesch\u00e4ftsf\u00fchrer, Verband kommunaler Unternehmen Prof. Dr. Daniel Buhr Professur f\u00fcr Policy Analyse und Politische Wirtschaftslehre, Eberhard Karls-Universit\u00e4t T\u00fcbingen Dr. Claus-J\u00fcrgen Deyle Konzernbetriebsratsvorsitzender, Stadtwerke Ulm\/Neu-Ulm GmbH R\u00fcdiger H\u00f6che Leiter, Stadtwerke [&hellip;]<\/p>\n","protected":false},"author":1,"featured_media":0,"parent":50,"menu_order":0,"comment_status":"closed","ping_status":"closed","template":"","meta":{"_acf_changed":false,"footnotes":""},"acf":[],"_links":{"self":[{"href":"https:\/\/aktiv-kommunal.de\/index.php\/wp-json\/wp\/v2\/pages\/199"}],"collection":[{"href":"https:\/\/aktiv-kommunal.de\/index.php\/wp-json\/wp\/v2\/pages"}],"about":[{"href":"https:\/\/aktiv-kommunal.de\/index.php\/wp-json\/wp\/v2\/types\/page"}],"author":[{"embeddable":true,"href":"https:\/\/aktiv-kommunal.de\/index.php\/wp-json\/wp\/v2\/users\/1"}],"replies":[{"embeddable":true,"href":"https:\/\/aktiv-kommunal.de\/index.php\/wp-json\/wp\/v2\/comments?post=199"}],"version-history":[{"count":9,"href":"https:\/\/aktiv-kommunal.de\/index.php\/wp-json\/wp\/v2\/pages\/199\/revisions"}],"predecessor-version":[{"id":224,"href":"https:\/\/aktiv-kommunal.de\/index.php\/wp-json\/wp\/v2\/pages\/199\/revisions\/224"}],"up":[{"embeddable":true,"href":"https:\/\/aktiv-kommunal.de\/index.php\/wp-json\/wp\/v2\/pages\/50"}],"wp:attachment":[{"href":"https:\/\/aktiv-kommunal.de\/index.php\/wp-json\/wp\/v2\/media?parent=199"}],"curies":[{"name":"wp","href":"https:\/\/api.w.org\/{rel}","templated":true}]}}