{"id":266,"date":"2019-09-03T13:47:07","date_gmt":"2019-09-03T11:47:07","guid":{"rendered":"https:\/\/websites.fraunhofer.de\/aktiv-kommunal\/?page_id=266"},"modified":"2020-06-05T11:05:11","modified_gmt":"2020-06-05T09:05:11","slug":"ziele-des-prozessmanagements-klaeren","status":"publish","type":"page","link":"https:\/\/aktiv-kommunal.de\/index.php\/toolbox-zur-digitalisierung-interner-arbeit-und-leistungsprozesse\/digitalisierung-vorbereiten\/ziele-des-prozessmanagements-klaeren\/","title":{"rendered":"Ziele des Prozessmanagements kl\u00e4ren"},"content":{"rendered":"<h3>Warum ist der Teilschritt wichtig?<\/h3>\n<p>F\u00fcr die Prozessdigitalisierung ist es entscheidend schon fr\u00fchzeitig klare Ziele des GPM zu kl\u00e4ren, schriftlich zu fixieren und an die Stakeholder zu kommunizieren. F\u00fcr die Definition der zuk\u00fcnftigen Ziele ist es wiederum notwendig den aktuellen Stand des Unternehmens im Bereich Digitalisierung und Prozessmanagement zu kennen.<\/p>\n<h3>Was ist im Teilschritt konkret zu tun?<\/h3>\n<p>In den vorangegangenen Schritten ging es um die Vermittlung&nbsp; theoretischen Hintergrundwissens. Auf Grundlage dessen gilt es nun konkrete Ziele des GPM zu kl\u00e4ren. Wo steht das eigene Unternehmen bei der Prozessdigitalisierung und kann daran angekn\u00fcpft werden? Wie umfassend soll das Digitalisierungsvorhaben ausfallen?<\/p>\n<h3>Welche Instrumente\/Methoden helfen mir bei der Umsetzung?<\/h3>\n<p>Zuerst werden die Ziele eines jeden Prozessmanagements vorgestellt. Mithilfe einer Checkliste f\u00fcr Prozesslandkarten k\u00f6nnen Sie \u00fcberpr\u00fcfen und festhalten, welche Schritte im Bereich der Digitalisierung in ihrem Unternehmen bereits gegangen wurden. Die anschlie\u00dfende Tabelle stellt eine Vorlage dar, auf welcher Sie konkret angestrebte Ma\u00dfnahmen beschreiben und dokumentieren k\u00f6nnen.<\/p>\n<h3>Wo finde ich weiterf\u00fchrende Informationen?<\/h3>\n<p>Mehr Informationen zum Thema Unternehmensprozesse im Mittelstand erhalten Sie auf der Seite des <a href=\"https:\/\/www.mittelstand-digital.de\/MD\/Redaktion\/DE\/Dossiers\/A-Z\/unternehmensprozesse.html\" target=\"_blank\" rel=\"noopener noreferrer\">Mittelstand Digital<\/a>.<\/p>\n<h3>Wie geht es weiter?<\/h3>\n<p>Im n\u00e4chsten Teilschritt wird eine <a href=\"https:\/\/aktiv-kommunal.de\/index.php\/toolbox-zur-digitalisierung-interner-arbeit-und-leistungsprozesse\/digitalisierung-vorbereiten\/projektstrukturen-planen\/\">konkrete Projektstruktur<\/a> erarbeitet.<\/p>\n<h3>Die gesamten Informationen zum Teilprozessschritt<\/h3>\n<p>Sie finden alle Informationen zum Teilprozessschritt in einem <a href=\"https:\/\/aktiv-kommunal.de\/wp-content\/uploads\/2020\/06\/1_3_Ziele-des-Prozessmanagements-klaeren.pdf\" target=\"_blank\" rel=\"noopener noreferrer\">PDF<\/a>.<\/p>\n","protected":false},"excerpt":{"rendered":"<p>Warum ist der Teilschritt wichtig? F\u00fcr die Prozessdigitalisierung ist es entscheidend schon fr\u00fchzeitig klare Ziele des GPM zu kl\u00e4ren, schriftlich zu fixieren und an die Stakeholder zu kommunizieren. F\u00fcr die Definition der zuk\u00fcnftigen Ziele ist es wiederum notwendig den aktuellen Stand des Unternehmens im Bereich Digitalisierung und Prozessmanagement zu kennen. Was ist im Teilschritt konkret [&hellip;]<\/p>\n","protected":false},"author":1,"featured_media":0,"parent":231,"menu_order":3,"comment_status":"closed","ping_status":"closed","template":"","meta":{"_acf_changed":false,"footnotes":""},"acf":[],"_links":{"self":[{"href":"https:\/\/aktiv-kommunal.de\/index.php\/wp-json\/wp\/v2\/pages\/266"}],"collection":[{"href":"https:\/\/aktiv-kommunal.de\/index.php\/wp-json\/wp\/v2\/pages"}],"about":[{"href":"https:\/\/aktiv-kommunal.de\/index.php\/wp-json\/wp\/v2\/types\/page"}],"author":[{"embeddable":true,"href":"https:\/\/aktiv-kommunal.de\/index.php\/wp-json\/wp\/v2\/users\/1"}],"replies":[{"embeddable":true,"href":"https:\/\/aktiv-kommunal.de\/index.php\/wp-json\/wp\/v2\/comments?post=266"}],"version-history":[{"count":7,"href":"https:\/\/aktiv-kommunal.de\/index.php\/wp-json\/wp\/v2\/pages\/266\/revisions"}],"predecessor-version":[{"id":709,"href":"https:\/\/aktiv-kommunal.de\/index.php\/wp-json\/wp\/v2\/pages\/266\/revisions\/709"}],"up":[{"embeddable":true,"href":"https:\/\/aktiv-kommunal.de\/index.php\/wp-json\/wp\/v2\/pages\/231"}],"wp:attachment":[{"href":"https:\/\/aktiv-kommunal.de\/index.php\/wp-json\/wp\/v2\/media?parent=266"}],"curies":[{"name":"wp","href":"https:\/\/api.w.org\/{rel}","templated":true}]}}