{"id":270,"date":"2019-09-03T13:53:24","date_gmt":"2019-09-03T11:53:24","guid":{"rendered":"https:\/\/websites.fraunhofer.de\/aktiv-kommunal\/?page_id=270"},"modified":"2019-09-03T14:03:37","modified_gmt":"2019-09-03T12:03:37","slug":"projektstrukturen-planen","status":"publish","type":"page","link":"https:\/\/aktiv-kommunal.de\/index.php\/toolbox-zur-digitalisierung-interner-arbeit-und-leistungsprozesse\/digitalisierung-vorbereiten\/projektstrukturen-planen\/","title":{"rendered":"Projektstrukturen planen"},"content":{"rendered":"<h3>Warum ist der Teilschritt wichtig?<\/h3>\n<p>Prozessdigitalisierung muss als Projekt organisiert und in einem begrenzten Rahmen umgesetzt bzw. erprobt werden. In diesem Teilschritt ist es somit das Ziel unternehmenseigene Kompetenzen zu verorten sowie Sponsoren und Multiplikatoren zur Unterst\u00fctzung des Vorhabens im Unternehmen zu gewinnen. Ebenso sollten die verf\u00fcgbaren Ressourcen f\u00fcr das Projekt abgekl\u00e4rt werden.<\/p>\n<h3>Was ist im Teilschritt konkret zu tun?<\/h3>\n<p>Mithilfe der vorgestellten Hilfsmittel sollen die \u201e5-W-Fragen\u201c zur Projektplanung am Ende dieses Teilschrittes von Ihnen beantwortet bzw. bearbeitet werden k\u00f6nnen.<\/p>\n<h3>Welche Instrumente\/Methoden helfen mir bei der Umsetzung?<\/h3>\n<p>Neben den \u201e5-W-Fragen\u201c erhalten Sie eine \u00dcbersicht dar\u00fcber, was ein Projektstrukturplan ist und wie der regul\u00e4re Ablauf der Projektplanung aufgebaut ist. Da alle Unternehmen und die jeweiligen Abteilungen unterschiedlichen Rahmenbedingungen unterliegen, gibt es jedoch nicht das eine \u201erichtige\u201c Vorgehen. Deshalb werden auf den folgenden Folien sowohl das klassische, als auch das agile Projektmanagement-Vorgehen pr\u00e4sentiert. Dar\u00fcber hinaus werden Vorlagen zum Festhalten der Projektziele und der Arbeitspaketbeschreibung bereitgestellt.<\/p>\n<h3>Wo finde ich weiterf\u00fchrende Informationen?<\/h3>\n<p>Auf dem <a href=\"https:\/\/projekte-leicht-gemacht.de\/blog\/pm-tools\/projektstrukturplan-powerpoint\/\" target=\"_blank\" rel=\"noopener noreferrer\">Blog \u201eProjekte leicht gemacht\u201c<\/a> finden sich verschiedene Inhalte und Leitf\u00e4den rund um das Thema Projektmanagement. Viele hilfreiche Vorlagen zu den verschiedenen Phasen des Projekts (von Meilensteinplan bis Projektabschluss) stellt das Bundesinnenministerium in einer <a href=\"https:\/\/www.bmi.bund.de\/SharedDocs\/downloads\/DE\/veroeffentlichungen\/themen\/moderne-verwaltung\/projektmanagement-sammelmappe-muster.html\" target=\"_blank\" rel=\"noopener noreferrer\">Sammelmappe<\/a> bereit.<\/p>\n<h3>Wie geht es weiter?<\/h3>\n<p>Im n\u00e4chsten Teilschritt geht es um die unternehmensinterne Kommunikation.<\/p>\n<h3>Die gesamten Informationen zum Teilprozessschritt<\/h3>\n<p>Sie finden alle Informationen zum Teilprozessschritt in einem <a href=\"https:\/\/aktiv-kommunal.de\/wp-content\/uploads\/2019\/09\/1_4_Projektstrukturen_planen.pdf\" target=\"_blank\" rel=\"noopener noreferrer\">PDF<\/a>.<\/p>\n","protected":false},"excerpt":{"rendered":"<p>Warum ist der Teilschritt wichtig? Prozessdigitalisierung muss als Projekt organisiert und in einem begrenzten Rahmen umgesetzt bzw. erprobt werden. In diesem Teilschritt ist es somit das Ziel unternehmenseigene Kompetenzen zu verorten sowie Sponsoren und Multiplikatoren zur Unterst\u00fctzung des Vorhabens im Unternehmen zu gewinnen. Ebenso sollten die verf\u00fcgbaren Ressourcen f\u00fcr das Projekt abgekl\u00e4rt werden. Was ist [&hellip;]<\/p>\n","protected":false},"author":1,"featured_media":0,"parent":231,"menu_order":4,"comment_status":"closed","ping_status":"closed","template":"","meta":{"_acf_changed":false,"footnotes":""},"acf":[],"_links":{"self":[{"href":"https:\/\/aktiv-kommunal.de\/index.php\/wp-json\/wp\/v2\/pages\/270"}],"collection":[{"href":"https:\/\/aktiv-kommunal.de\/index.php\/wp-json\/wp\/v2\/pages"}],"about":[{"href":"https:\/\/aktiv-kommunal.de\/index.php\/wp-json\/wp\/v2\/types\/page"}],"author":[{"embeddable":true,"href":"https:\/\/aktiv-kommunal.de\/index.php\/wp-json\/wp\/v2\/users\/1"}],"replies":[{"embeddable":true,"href":"https:\/\/aktiv-kommunal.de\/index.php\/wp-json\/wp\/v2\/comments?post=270"}],"version-history":[{"count":2,"href":"https:\/\/aktiv-kommunal.de\/index.php\/wp-json\/wp\/v2\/pages\/270\/revisions"}],"predecessor-version":[{"id":273,"href":"https:\/\/aktiv-kommunal.de\/index.php\/wp-json\/wp\/v2\/pages\/270\/revisions\/273"}],"up":[{"embeddable":true,"href":"https:\/\/aktiv-kommunal.de\/index.php\/wp-json\/wp\/v2\/pages\/231"}],"wp:attachment":[{"href":"https:\/\/aktiv-kommunal.de\/index.php\/wp-json\/wp\/v2\/media?parent=270"}],"curies":[{"name":"wp","href":"https:\/\/api.w.org\/{rel}","templated":true}]}}