{"id":300,"date":"2019-09-04T11:34:40","date_gmt":"2019-09-04T09:34:40","guid":{"rendered":"https:\/\/websites.fraunhofer.de\/aktiv-kommunal\/?page_id=300"},"modified":"2019-09-26T13:40:16","modified_gmt":"2019-09-26T11:40:16","slug":"prozesstypen-unterscheiden","status":"publish","type":"page","link":"https:\/\/aktiv-kommunal.de\/index.php\/toolbox-zur-digitalisierung-interner-arbeit-und-leistungsprozesse\/prozesse-unterscheiden-und-auswaehlen\/prozesstypen-unterscheiden\/","title":{"rendered":"Prozesstypen unterscheiden"},"content":{"rendered":"<h3>Warum ist der Teilschritt wichtig?<\/h3>\n<p>Bei Prozessschritt zwei geht es um die Beurteilung von Unternehmens-prozessen hinsichtlich ihres Digitalisierungs- und Automatisierungs-potenzials. Nur wenn die Prozesstypen richtig zugeordnet werden, kann dar\u00fcber entschieden werden, welche Prozesse zuk\u00fcnftig digitalisiert werden k\u00f6nnen und sollen.<\/p>\n<h3>Was ist im Teilschritt konkret zu tun?<\/h3>\n<p>In diesem Teilschritt gilt es folgende Leitfragen zu beantworten:<\/p>\n<ul>\n<li>Welche Prozesse gibt es im Unternehmen?<\/li>\n<li>Welchen Prozesstypen sind diese zuzuordnen?<\/li>\n<li>Wie unterscheiden sich Kernprozesse von Wertsch\u00f6pfungsprozessen?<\/li>\n<\/ul>\n<h3>Welche Instrumente\/Methoden helfen mir bei der Umsetzung?<\/h3>\n<p>Es werden Infomaterialien zum Thema Prozesslandkarten bereitgestellt. Unternehmen m\u00fcssen in der Lage sein, Prozesse zu kategorisieren. Dabei geht es neben der Unterscheidung von Management-, Steuerungs- und Unterst\u00fctzungsprozessen auch um die Organisation der Prozesse.<\/p>\n<ul>\n<li>Prozesslandkarten helfen, auf einen Blick zu sehen, welche Prozesse im Unternehmen vorhanden sind<\/li>\n<li>Prozesstypen erkennen und einordnen<\/li>\n<li>Prozesslandkarte f\u00fcr die Energiewirtschaft<\/li>\n<\/ul>\n<h3>Wo finde ich weiterf\u00fchrende Informationen?<\/h3>\n<p>Auf dieser Seite des <a href=\"https:\/\/prozessfenster-blog.de\/2013\/02\/04\/wertschoepfungsprozess-und-kernprozess\/#more-1371\" target=\"_blank\" rel=\"noopener noreferrer\">prozessfenster-blog.de<\/a> finden Sie weitere Informationen zur Unterscheidung von Wertsch\u00f6pfungsprozessen und Kernprozessen.<\/p>\n<h3>Wie geht es weiter?<\/h3>\n<p>Im n\u00e4chsten Schritt geht es darum, <a href=\"https:\/\/aktiv-kommunal.de\/index.php\/toolbox-zur-digitalisierung-interner-arbeit-und-leistungsprozesse\/prozesse-unterscheiden-und-auswaehlen\/prozesse-fixieren-und-beschreiben\/\"><strong>Prozesse schriftlich zu fixieren und zu beschreiben<\/strong><\/a>.<\/p>\n<h3>Die gesamten Informationen zum Teilprozessschritt<\/h3>\n<p>Sie finden alle Informationen zum Teilprozessschritt in einem <a href=\"https:\/\/aktiv-kommunal.de\/wp-content\/uploads\/2019\/09\/2_1_Prozesstypen_unterscheiden.pdf\" target=\"_blank\" rel=\"noopener noreferrer\">PDF<\/a>.<\/p>\n","protected":false},"excerpt":{"rendered":"<p>Warum ist der Teilschritt wichtig? Bei Prozessschritt zwei geht es um die Beurteilung von Unternehmens-prozessen hinsichtlich ihres Digitalisierungs- und Automatisierungs-potenzials. Nur wenn die Prozesstypen richtig zugeordnet werden, kann dar\u00fcber entschieden werden, welche Prozesse zuk\u00fcnftig digitalisiert werden k\u00f6nnen und sollen. Was ist im Teilschritt konkret zu tun? In diesem Teilschritt gilt es folgende Leitfragen zu beantworten: [&hellip;]<\/p>\n","protected":false},"author":1,"featured_media":0,"parent":293,"menu_order":1,"comment_status":"closed","ping_status":"closed","template":"","meta":{"_acf_changed":false,"footnotes":""},"acf":[],"_links":{"self":[{"href":"https:\/\/aktiv-kommunal.de\/index.php\/wp-json\/wp\/v2\/pages\/300"}],"collection":[{"href":"https:\/\/aktiv-kommunal.de\/index.php\/wp-json\/wp\/v2\/pages"}],"about":[{"href":"https:\/\/aktiv-kommunal.de\/index.php\/wp-json\/wp\/v2\/types\/page"}],"author":[{"embeddable":true,"href":"https:\/\/aktiv-kommunal.de\/index.php\/wp-json\/wp\/v2\/users\/1"}],"replies":[{"embeddable":true,"href":"https:\/\/aktiv-kommunal.de\/index.php\/wp-json\/wp\/v2\/comments?post=300"}],"version-history":[{"count":5,"href":"https:\/\/aktiv-kommunal.de\/index.php\/wp-json\/wp\/v2\/pages\/300\/revisions"}],"predecessor-version":[{"id":603,"href":"https:\/\/aktiv-kommunal.de\/index.php\/wp-json\/wp\/v2\/pages\/300\/revisions\/603"}],"up":[{"embeddable":true,"href":"https:\/\/aktiv-kommunal.de\/index.php\/wp-json\/wp\/v2\/pages\/293"}],"wp:attachment":[{"href":"https:\/\/aktiv-kommunal.de\/index.php\/wp-json\/wp\/v2\/media?parent=300"}],"curies":[{"name":"wp","href":"https:\/\/api.w.org\/{rel}","templated":true}]}}