{"id":31,"date":"2017-10-30T20:08:50","date_gmt":"2017-10-30T19:08:50","guid":{"rendered":"https:\/\/websites.fraunhofer.de\/aktiv-kommunal\/?page_id=31"},"modified":"2020-04-07T15:48:43","modified_gmt":"2020-04-07T13:48:43","slug":"aktiv-kommunal","status":"publish","type":"page","link":"https:\/\/aktiv-kommunal.de\/","title":{"rendered":"AKTIV-kommunal"},"content":{"rendered":"<p>Im Verbundprojekt AKTIV-kommunal wurden Konzepte und Instrumente f\u00fcr die Durchf\u00fchrung digitaler Ver\u00e4nderungs- und Innovationsprozesse in der Kommunalwirtschaft entwickelt. In drei miteinander verkn\u00fcpften Projektmodulen erarbeiteten die Forschungspartner gemeinsam mit den kommunalen Umsetzungsunternehmen L\u00f6sungen zur Neuausrichtung digitaler Arbeitsprozesse und digitaler Arbeitsmodelle sowie zur Gestaltung digitaler F\u00fchrungs- und Personalkonzepte.<\/p>\n<p>Die Projektlaufzeit von AKTIV-kommunal endete am 31. M\u00e4rz 2020. Auf dieser Seiten stellen wir Ihnen auch nach Projektende f\u00fcr mindestens bis zu zwei Jahre vielf\u00e4ltige Tools und Dokumente zum Download bereit. Aktuell hat unser Projektpartner <a href=\"https:\/\/aktiv-kommunal.de\/index.php\/projektpartner\/input-consulting\/\">INPUT-conculting<\/a> ein <a href=\"https:\/\/aktiv-kommunal.de\/wp-content\/uploads\/2020\/04\/2020_AKTIV-kommunal-Praxishandbuch-Arbeitsmodelle_INPUTConsulting.pdf\" target=\"_blank\" rel=\"noopener noreferrer\">\u00bbPraxishandbuch zu Arbeitsmodellen\u00ab<\/a> und einen <a href=\"https:\/\/aktiv-kommunal.de\/wp-content\/uploads\/2020\/04\/2020_AKTIV-kommunal_Beipackzettel-mobilesArbeiten_INPUTConsulting.pdf\" target=\"_blank\" rel=\"noopener noreferrer\">\u00bbBeipackzettel mobiles Arbeiten\u00ab<\/a> zu Ihrer Nutzung bereitgestellt.<\/p>\n","protected":false},"excerpt":{"rendered":"<p>Im Verbundprojekt AKTIV-kommunal wurden Konzepte und Instrumente f\u00fcr die Durchf\u00fchrung digitaler Ver\u00e4nderungs- und Innovationsprozesse in der Kommunalwirtschaft entwickelt. In drei miteinander verkn\u00fcpften Projektmodulen erarbeiteten die Forschungspartner gemeinsam mit den kommunalen Umsetzungsunternehmen L\u00f6sungen zur Neuausrichtung digitaler Arbeitsprozesse und digitaler Arbeitsmodelle sowie zur Gestaltung digitaler F\u00fchrungs- und Personalkonzepte. Die Projektlaufzeit von AKTIV-kommunal endete am 31. M\u00e4rz 2020. [&hellip;]<\/p>\n","protected":false},"author":1,"featured_media":0,"parent":0,"menu_order":0,"comment_status":"closed","ping_status":"closed","template":"","meta":{"_acf_changed":false,"footnotes":""},"acf":[],"_links":{"self":[{"href":"https:\/\/aktiv-kommunal.de\/index.php\/wp-json\/wp\/v2\/pages\/31"}],"collection":[{"href":"https:\/\/aktiv-kommunal.de\/index.php\/wp-json\/wp\/v2\/pages"}],"about":[{"href":"https:\/\/aktiv-kommunal.de\/index.php\/wp-json\/wp\/v2\/types\/page"}],"author":[{"embeddable":true,"href":"https:\/\/aktiv-kommunal.de\/index.php\/wp-json\/wp\/v2\/users\/1"}],"replies":[{"embeddable":true,"href":"https:\/\/aktiv-kommunal.de\/index.php\/wp-json\/wp\/v2\/comments?post=31"}],"version-history":[{"count":4,"href":"https:\/\/aktiv-kommunal.de\/index.php\/wp-json\/wp\/v2\/pages\/31\/revisions"}],"predecessor-version":[{"id":686,"href":"https:\/\/aktiv-kommunal.de\/index.php\/wp-json\/wp\/v2\/pages\/31\/revisions\/686"}],"wp:attachment":[{"href":"https:\/\/aktiv-kommunal.de\/index.php\/wp-json\/wp\/v2\/media?parent=31"}],"curies":[{"name":"wp","href":"https:\/\/api.w.org\/{rel}","templated":true}]}}