{"id":40,"date":"2017-10-30T20:21:01","date_gmt":"2017-10-30T19:21:01","guid":{"rendered":"https:\/\/websites.fraunhofer.de\/aktiv-kommunal\/?page_id=40"},"modified":"2017-10-31T18:45:50","modified_gmt":"2017-10-31T17:45:50","slug":"was-wollen-wir-erreichen","status":"publish","type":"page","link":"https:\/\/aktiv-kommunal.de\/index.php\/was-wollen-wir-erreichen\/","title":{"rendered":"Was wollen wir erreichen?"},"content":{"rendered":"<h3>Soziale Innovation durch eine integrierte Gestaltung von&#8230;<\/h3>\n<p><img decoding=\"async\" class=\"alignnone size-full wp-image-43\" src=\"https:\/\/aktiv-kommunal.de\/wp-content\/uploads\/2017\/10\/sozialeIntegration.png\" alt=\"\" width=\"50%\" height=\"auto\" srcset=\"https:\/\/aktiv-kommunal.de\/wp-content\/uploads\/2017\/10\/sozialeIntegration.png 789w, https:\/\/aktiv-kommunal.de\/wp-content\/uploads\/2017\/10\/sozialeIntegration-300x259.png 300w, https:\/\/aktiv-kommunal.de\/wp-content\/uploads\/2017\/10\/sozialeIntegration-768x663.png 768w, https:\/\/aktiv-kommunal.de\/wp-content\/uploads\/2017\/10\/sozialeIntegration-570x492.png 570w\" sizes=\"(max-width: 789px) 100vw, 789px\" \/><br \/>\nZiel des Verbundprojekts ist die Entwicklung, pilothafte Umsetzung und Evaluierung von Vorgehensweisen, Methoden und Instrumenten<br \/>\nzur Gestaltung:<\/p>\n<ul>\n<li>von Arbeitsprozessen infolge neuer digitalisierter Gesch\u00e4ftsmodelle,<\/li>\n<li>des r\u00e4umlich und \u00f6rtlich flexiblen und mobilen Arbeitens in digital vernetzten Prozessen und<\/li>\n<li>von auf die Digitalisierung ausgerichteten F\u00fchrungs- und Personalkonzepten.<\/li>\n<\/ul>\n<p>Mit Hilfe der zu entwickelnden L\u00f6sungen sollen die Mitarbeiter\/-innen und F\u00fchrungskr\u00e4fte von Stadtwerken und kommunalen Eigenbetrieben bef\u00e4higt werden, ihre betrieblichen und sozialen Aufgaben in digitalen Ver\u00e4nderungsprozessen erfolgreich wahrzunehmen.<\/p>\n","protected":false},"excerpt":{"rendered":"<p>Soziale Innovation durch eine integrierte Gestaltung von&#8230; Ziel des Verbundprojekts ist die Entwicklung, pilothafte Umsetzung und Evaluierung von Vorgehensweisen, Methoden und Instrumenten zur Gestaltung: von Arbeitsprozessen infolge neuer digitalisierter Gesch\u00e4ftsmodelle, des r\u00e4umlich und \u00f6rtlich flexiblen und mobilen Arbeitens in digital vernetzten Prozessen und von auf die Digitalisierung ausgerichteten F\u00fchrungs- und Personalkonzepten. Mit Hilfe der zu [&hellip;]<\/p>\n","protected":false},"author":1,"featured_media":0,"parent":0,"menu_order":0,"comment_status":"closed","ping_status":"closed","template":"","meta":{"_acf_changed":false,"footnotes":""},"acf":[],"_links":{"self":[{"href":"https:\/\/aktiv-kommunal.de\/index.php\/wp-json\/wp\/v2\/pages\/40"}],"collection":[{"href":"https:\/\/aktiv-kommunal.de\/index.php\/wp-json\/wp\/v2\/pages"}],"about":[{"href":"https:\/\/aktiv-kommunal.de\/index.php\/wp-json\/wp\/v2\/types\/page"}],"author":[{"embeddable":true,"href":"https:\/\/aktiv-kommunal.de\/index.php\/wp-json\/wp\/v2\/users\/1"}],"replies":[{"embeddable":true,"href":"https:\/\/aktiv-kommunal.de\/index.php\/wp-json\/wp\/v2\/comments?post=40"}],"version-history":[{"count":6,"href":"https:\/\/aktiv-kommunal.de\/index.php\/wp-json\/wp\/v2\/pages\/40\/revisions"}],"predecessor-version":[{"id":122,"href":"https:\/\/aktiv-kommunal.de\/index.php\/wp-json\/wp\/v2\/pages\/40\/revisions\/122"}],"wp:attachment":[{"href":"https:\/\/aktiv-kommunal.de\/index.php\/wp-json\/wp\/v2\/media?parent=40"}],"curies":[{"name":"wp","href":"https:\/\/api.w.org\/{rel}","templated":true}]}}