{"id":50,"date":"2017-10-30T21:42:56","date_gmt":"2017-10-30T20:42:56","guid":{"rendered":"https:\/\/websites.fraunhofer.de\/aktiv-kommunal\/?page_id=50"},"modified":"2017-10-31T09:46:15","modified_gmt":"2017-10-31T08:46:15","slug":"projektpartner","status":"publish","type":"page","link":"https:\/\/aktiv-kommunal.de\/index.php\/projektpartner\/","title":{"rendered":"Projektpartner"},"content":{"rendered":"<p>Im Projekt \u00bbAKTIV-kommunal\u00ab arbeiten Partner aus Praxis und Forschung gemeinsam an L\u00f6sungen f\u00fcr digitale Ver\u00e4nderungsprozesse.<\/p>\n<h3>Wissenschaftliche Partner<\/h3>\n<ul>\n<li><strong><a href=\"https:\/\/aktiv-kommunal.de\/index.php\/projektpartner\/universitaet-duisburg-essen\/\">Projektkoordination<\/strong>:Universit\u00e4t Duisburg-Essen, Lehrstuhl f\u00fcr Personal und Unternehmensf\u00fchrung<\/a><\/li>\n<li><a href=\"https:\/\/aktiv-kommunal.de\/index.php\/projektpartner\/fraunhofer-iao\/\">Fraunhofer IAO<\/a>, Stuttgart<\/li>\n<li><a href=\"https:\/\/aktiv-kommunal.de\/index.php\/projektpartner\/input-consulting\/\">INPUT Consulting<\/a> gGmbH, Stuttgart<\/li>\n<\/ul>\n<h3>Praxispartner<\/h3>\n<ul>\n<li><a href=\"https:\/\/aktiv-kommunal.de\/index.php\/projektpartner\/badenova\/\">badenova<\/a> AG &#038; Co. KG<\/li>\n<li><a href=\"https:\/\/aktiv-kommunal.de\/index.php\/projektpartner\/stadtwerke-heidelberg\/\">Stadtwerke Heidelberg<\/a> GmbH<\/li>\n<li><a href=\"https:\/\/aktiv-kommunal.de\/index.php\/projektpartner\/stadtwerke-konstanz\/\">Stadtwerke Konstanz<\/a> GmbH<\/li>\n<\/ul>\n","protected":false},"excerpt":{"rendered":"<p>Im Projekt \u00bbAKTIV-kommunal\u00ab arbeiten Partner aus Praxis und Forschung gemeinsam an L\u00f6sungen f\u00fcr digitale Ver\u00e4nderungsprozesse. Wissenschaftliche Partner Projektkoordination:Universit\u00e4t Duisburg-Essen, Lehrstuhl f\u00fcr Personal und Unternehmensf\u00fchrung Fraunhofer IAO, Stuttgart INPUT Consulting gGmbH, Stuttgart Praxispartner badenova AG &#038; Co. KG Stadtwerke Heidelberg GmbH Stadtwerke Konstanz GmbH<\/p>\n","protected":false},"author":1,"featured_media":0,"parent":0,"menu_order":0,"comment_status":"closed","ping_status":"closed","template":"","meta":{"_acf_changed":false,"footnotes":""},"acf":[],"_links":{"self":[{"href":"https:\/\/aktiv-kommunal.de\/index.php\/wp-json\/wp\/v2\/pages\/50"}],"collection":[{"href":"https:\/\/aktiv-kommunal.de\/index.php\/wp-json\/wp\/v2\/pages"}],"about":[{"href":"https:\/\/aktiv-kommunal.de\/index.php\/wp-json\/wp\/v2\/types\/page"}],"author":[{"embeddable":true,"href":"https:\/\/aktiv-kommunal.de\/index.php\/wp-json\/wp\/v2\/users\/1"}],"replies":[{"embeddable":true,"href":"https:\/\/aktiv-kommunal.de\/index.php\/wp-json\/wp\/v2\/comments?post=50"}],"version-history":[{"count":3,"href":"https:\/\/aktiv-kommunal.de\/index.php\/wp-json\/wp\/v2\/pages\/50\/revisions"}],"predecessor-version":[{"id":97,"href":"https:\/\/aktiv-kommunal.de\/index.php\/wp-json\/wp\/v2\/pages\/50\/revisions\/97"}],"wp:attachment":[{"href":"https:\/\/aktiv-kommunal.de\/index.php\/wp-json\/wp\/v2\/media?parent=50"}],"curies":[{"name":"wp","href":"https:\/\/api.w.org\/{rel}","templated":true}]}}