{"id":54,"date":"2017-10-30T21:57:06","date_gmt":"2017-10-30T20:57:06","guid":{"rendered":"https:\/\/websites.fraunhofer.de\/aktiv-kommunal\/?page_id=54"},"modified":"2017-11-13T15:08:00","modified_gmt":"2017-11-13T14:08:00","slug":"universitaet-duisburg-essen","status":"publish","type":"page","link":"https:\/\/aktiv-kommunal.de\/index.php\/projektpartner\/universitaet-duisburg-essen\/","title":{"rendered":"Universit\u00e4t Duisburg-Essen"},"content":{"rendered":"<p><img decoding=\"async\" src=\"https:\/\/aktiv-kommunal.de\/wp-content\/uploads\/2017\/10\/UNI_DU_E.png\" alt=\"\" width=\"300\" height=\"auto\" class=\"alignnone size-full wp-image-70\" srcset=\"https:\/\/aktiv-kommunal.de\/wp-content\/uploads\/2017\/10\/UNI_DU_E.png 500w, https:\/\/aktiv-kommunal.de\/wp-content\/uploads\/2017\/10\/UNI_DU_E-300x116.png 300w\" sizes=\"(max-width: 500px) 100vw, 500px\" \/><\/p>\n<h3>Projektkoordination<\/h3>\n<p>Univ.-Prof. Dr. Margret Borchert<br \/>\nUniversit\u00e4t Duisburg-Essen<br \/>\nLehrstuhl f\u00fcr Personal und Unternehmensf\u00fchrung<br \/>\nLotharstra\u00dfe 65<br \/>\n47057 Duisburg<br \/>\nMargret Borchert <a href=\"mailto:margret.borchert@uni-due.de\">(margret.borchert@uni-due.de)<\/a><br \/>\nTelefon: +49 203 &#8211; 379 19 12<\/p>\n<h3>Kontakt<\/h3>\n<p>Sascha Becker <a href=\"mailto:sascha.becker@uni-due.de\">(sascha.becker@uni-due.de)<\/a><br \/>\nKatharina Schmidt <a href=\"mailto:katharina.schmidt@uni-due.de\">(katharina.schmidt@uni-due.de)<\/a><\/p>\n","protected":false},"excerpt":{"rendered":"<p>Projektkoordination Univ.-Prof. Dr. Margret Borchert Universit\u00e4t Duisburg-Essen Lehrstuhl f\u00fcr Personal und Unternehmensf\u00fchrung Lotharstra\u00dfe 65 47057 Duisburg Margret Borchert (margret.borchert@uni-due.de) Telefon: +49 203 &#8211; 379 19 12 Kontakt Sascha Becker (sascha.becker@uni-due.de) Katharina Schmidt (katharina.schmidt@uni-due.de)<\/p>\n","protected":false},"author":1,"featured_media":0,"parent":50,"menu_order":0,"comment_status":"closed","ping_status":"closed","template":"","meta":{"_acf_changed":false,"footnotes":""},"acf":[],"_links":{"self":[{"href":"https:\/\/aktiv-kommunal.de\/index.php\/wp-json\/wp\/v2\/pages\/54"}],"collection":[{"href":"https:\/\/aktiv-kommunal.de\/index.php\/wp-json\/wp\/v2\/pages"}],"about":[{"href":"https:\/\/aktiv-kommunal.de\/index.php\/wp-json\/wp\/v2\/types\/page"}],"author":[{"embeddable":true,"href":"https:\/\/aktiv-kommunal.de\/index.php\/wp-json\/wp\/v2\/users\/1"}],"replies":[{"embeddable":true,"href":"https:\/\/aktiv-kommunal.de\/index.php\/wp-json\/wp\/v2\/comments?post=54"}],"version-history":[{"count":9,"href":"https:\/\/aktiv-kommunal.de\/index.php\/wp-json\/wp\/v2\/pages\/54\/revisions"}],"predecessor-version":[{"id":165,"href":"https:\/\/aktiv-kommunal.de\/index.php\/wp-json\/wp\/v2\/pages\/54\/revisions\/165"}],"up":[{"embeddable":true,"href":"https:\/\/aktiv-kommunal.de\/index.php\/wp-json\/wp\/v2\/pages\/50"}],"wp:attachment":[{"href":"https:\/\/aktiv-kommunal.de\/index.php\/wp-json\/wp\/v2\/media?parent=54"}],"curies":[{"name":"wp","href":"https:\/\/api.w.org\/{rel}","templated":true}]}}